{"id":36,"date":"2020-12-02T20:07:10","date_gmt":"2020-12-02T20:07:10","guid":{"rendered":"http:\/\/pomyslownikdladzieci.com.pl\/?page_id=36"},"modified":"2023-02-22T21:06:52","modified_gmt":"2023-02-22T21:06:52","slug":"strona-glowna","status":"publish","type":"page","link":"https:\/\/pomyslownikdladzieci.com.pl\/","title":{"rendered":"strona g\u0142\u00f3wna"},"content":{"rendered":"<p>[et_pb_section fb_built=&#8221;1&#8243; specialty=&#8221;on&#8221; _builder_version=&#8221;4.7.4&#8243; _module_preset=&#8221;default&#8221; global_colors_info=&#8221;{}&#8221;][et_pb_column type=&#8221;1_2&#8243; specialty_columns=&#8221;2&#8243; _builder_version=&#8221;3.25&#8243; custom_padding=&#8221;|||&#8221; global_colors_info=&#8221;{}&#8221; custom_padding__hover=&#8221;|||&#8221;][et_pb_row_inner _builder_version=&#8221;4.7.4&#8243; _module_preset=&#8221;default&#8221; global_colors_info=&#8221;{}&#8221;][et_pb_column_inner saved_specialty_column_type=&#8221;1_2&#8243; _builder_version=&#8221;4.7.4&#8243; _module_preset=&#8221;default&#8221; global_colors_info=&#8221;{}&#8221;][et_pb_image src=&#8221;https:\/\/pomyslownikdladzieci.com.pl\/wp-content\/uploads\/2020\/12\/IMG_8677.jpg&#8221; alt=&#8221;Agnieszka Szczygie\u0142, Marta Uszko Baraniak, Szczurek, Smok Henio&#8221; title_text=&#8221;Agnieszka Szczygie\u0142, Marta Uszko Baraniak, Szczurek, Smok Henio&#8221; _builder_version=&#8221;4.7.4&#8243; _module_preset=&#8221;default&#8221; global_colors_info=&#8221;{}&#8221;][\/et_pb_image][\/et_pb_column_inner][\/et_pb_row_inner][\/et_pb_column][et_pb_column type=&#8221;1_2&#8243; _builder_version=&#8221;3.25&#8243; custom_padding=&#8221;|||&#8221; global_colors_info=&#8221;{}&#8221; custom_padding__hover=&#8221;|||&#8221;][et_pb_text _builder_version=&#8221;4.14.9&#8243; _module_preset=&#8221;default&#8221; hover_enabled=&#8221;0&#8243; global_colors_info=&#8221;{}&#8221; sticky_enabled=&#8221;0&#8243;]<\/p>\n<h1>Witaj w \u015bwiecie Pomys\u0142ownika!<\/h1>\n<p>&nbsp;<\/p>\n<p>Z tej strony Aga-Agnieszka, Marta, Smok Henio i Szczurek mamy dla Ciebie i Twojego dziecka sporo niezwyk\u0142o\u015bci!<\/p>\n<ul>\n<li>Zabawy na wsp\u00f3lny czas w domu -&gt; kliknij <a href=\"https:\/\/www.pomyslownik.com.pl\/blog\/\">TUTAJ<\/a><\/li>\n<li>Sposoby na zwiedzanie miasta Krakowa -&gt; kliknij <a href=\"https:\/\/www.pomyslownik.com.pl\/zwiedzamy-krakow-z-przewodnikiem\/\">TUTAJ<\/a><\/li>\n<li>Materia\u0142y do pobrania, po\u015bpiewania i wsp\u00f3lnej zabawy -&gt; kliknij <a href=\"https:\/\/www.pomyslownik.com.pl\/do-pobrania-2\/\">TUTAJ<\/a><\/li>\n<\/ul>\n<h3><\/h3>\n<h3>Do zobaczenia!<\/h3>\n<p>&nbsp;<\/p>\n<p>[\/et_pb_text][et_pb_button button_url=&#8221;https:\/\/www.pomyslownik.com.pl\/&#8221; button_text=&#8221;Wchodz\u0119 do POMYS\u0141OWNIKA&#8221; _builder_version=&#8221;4.7.4&#8243; _module_preset=&#8221;default&#8221; global_colors_info=&#8221;{}&#8221;][\/et_pb_button][\/et_pb_column][\/et_pb_section]<\/p>\n","protected":false},"excerpt":{"rendered":"<p>Witaj w \u015bwiecie Pomys\u0142ownika! &nbsp; Z tej strony Aga-Agnieszka, Marta, Smok Henio i Szczurek mamy dla Ciebie i Twojego dziecka sporo niezwyk\u0142o\u015bci! Zabawy na wsp\u00f3lny czas w domu -&gt; kliknij TUTAJ Sposoby na zwiedzanie miasta Krakowa -&gt; kliknij TUTAJ Materia\u0142y do pobrania, po\u015bpiewania i wsp\u00f3lnej zabawy -&gt; kliknij TUTAJ Do zobaczenia! &nbsp;<\/p>\n","protected":false},"author":1,"featured_media":25,"parent":0,"menu_order":1,"comment_status":"closed","ping_status":"closed","template":"","meta":{"_et_pb_use_builder":"on","_et_pb_old_content":"","_et_gb_content_width":""},"_links":{"self":[{"href":"https:\/\/pomyslownikdladzieci.com.pl\/index.php\/wp-json\/wp\/v2\/pages\/36"}],"collection":[{"href":"https:\/\/pomyslownikdladzieci.com.pl\/index.php\/wp-json\/wp\/v2\/pages"}],"about":[{"href":"https:\/\/pomyslownikdladzieci.com.pl\/index.php\/wp-json\/wp\/v2\/types\/page"}],"author":[{"embeddable":true,"href":"https:\/\/pomyslownikdladzieci.com.pl\/index.php\/wp-json\/wp\/v2\/users\/1"}],"replies":[{"embeddable":true,"href":"https:\/\/pomyslownikdladzieci.com.pl\/index.php\/wp-json\/wp\/v2\/comments?post=36"}],"version-history":[{"count":9,"href":"https:\/\/pomyslownikdladzieci.com.pl\/index.php\/wp-json\/wp\/v2\/pages\/36\/revisions"}],"predecessor-version":[{"id":465,"href":"https:\/\/pomyslownikdladzieci.com.pl\/index.php\/wp-json\/wp\/v2\/pages\/36\/revisions\/465"}],"wp:featuredmedia":[{"embeddable":true,"href":"https:\/\/pomyslownikdladzieci.com.pl\/index.php\/wp-json\/wp\/v2\/media\/25"}],"wp:attachment":[{"href":"https:\/\/pomyslownikdladzieci.com.pl\/index.php\/wp-json\/wp\/v2\/media?parent=36"}],"curies":[{"name":"wp","href":"https:\/\/api.w.org\/{rel}","templated":true}]}}